{"id":221,"date":"2025-07-30T09:32:14","date_gmt":"2025-07-30T09:32:14","guid":{"rendered":"https:\/\/cateringkos.comms.website\/?page_id=221"},"modified":"2025-07-31T14:09:02","modified_gmt":"2025-07-31T14:09:02","slug":"pogoji-uporabe","status":"publish","type":"page","link":"https:\/\/cateringkos.si\/en\/pogoji-uporabe\/","title":{"rendered":"Pogoji Uporabe"},"content":{"rendered":"<div data-elementor-type=\"wp-page\" data-elementor-id=\"221\" class=\"elementor elementor-221\" data-elementor-settings=\"{&quot;ha_cmc_init_switcher&quot;:&quot;no&quot;}\">\n\t\t\t\t<div class=\"elementor-element elementor-element-0eea282 e-flex e-con-boxed e-con e-parent\" data-id=\"0eea282\" data-element_type=\"container\" data-e-type=\"container\" data-settings=\"{&quot;_ha_eqh_enable&quot;:false}\">\n\t\t\t\t\t<div class=\"e-con-inner\">\n\t\t\t\t<div class=\"elementor-element elementor-element-db2bffc elementor-widget elementor-widget-heading\" data-id=\"db2bffc\" data-element_type=\"widget\" data-e-type=\"widget\" data-widget_type=\"heading.default\">\n\t\t\t\t\t<h2 class=\"elementor-heading-title elementor-size-default\">TERMS OF USE<\/h2>\t\t\t\t<\/div>\n\t\t\t\t\t<\/div>\n\t\t\t\t<\/div>\n\t\t<div class=\"elementor-element elementor-element-67b2b3d e-flex e-con-boxed e-con e-parent\" data-id=\"67b2b3d\" data-element_type=\"container\" data-e-type=\"container\" data-settings=\"{&quot;background_background&quot;:&quot;classic&quot;,&quot;_ha_eqh_enable&quot;:false}\">\n\t\t\t\t\t<div class=\"e-con-inner\">\n\t\t\t\t<div class=\"elementor-element elementor-element-a087716 elementor-widget elementor-widget-text-editor\" data-id=\"a087716\" data-element_type=\"widget\" data-e-type=\"widget\" data-widget_type=\"text-editor.default\">\n\t\t\t\t\t\t\t\t\t<h3>Introduction<\/h3><p>The following Terms and Conditions define how you use our online store. Before you start using the online store and before making a purchase, please read these terms carefully. By using this online store, you confirm that you accept these terms and conditions, understand that they are binding, and agree to comply with them. If you do not agree with these provisions and terms, please refrain from using the website.<\/p><p class=\"translation-block\">The website of Hospitality and Business Services Ga\u0161per Kos s.p., together with the online store, is available at https:\/\/cateringkos.si\/<span style=\"font-size: 1rem\"> (hereinafter referred to as the \u201cWebsite\u201d), and is operated by:<\/span><\/p><p>Hospitality and Business Services Ga\u0161per Kos s.p.<\/p><div class=\"row b-attr-group\"><div id=\"ctl00_ctl00_cphMain_cphMainCol_CompanyDetailsData1_CompanyDetailsBranchDetailsData1_rptCD_ctl03_divContent\" class=\"col-8 b-attr-value\"><span id=\"ctl00_ctl00_cphMain_cphMainCol_CompanyDetailsData1_CompanyDetailsBranchDetailsData1_rptCD_ctl03_litContent\">Koko\u0161nje 20<\/span><\/div><div>1233 Dob<\/div><\/div><p>Slovenija<\/p><p>VAT number: SI67575269\u00a0<\/p><p>Company registration number: 8492026000<\/p><p>Email: <a class=\"font-size-s\" href=\"mailto:info@cateringkos.si\">info@cateringkos.si<\/a><\/p><p>(hereinafter referred to as \u201cGa\u0161per Kos s.p.\u201d or \u201cwe\u201d, \u201cus\u201d, \u201cour\u201d).<\/p><p>Anyone who makes a purchase on this Website enters into a contract between the User and us. These Terms and Conditions apply to that contract and form an integral part of it. If any product or service on the Website is described with terms different from these Terms and Conditions, those specific provisions shall prevail.<\/p><p>All visitors to the Website, whether guests or registered users, are hereinafter referred to as Users. We may change these terms at any time without prior notice. Users are expected to review them periodically to stay informed of any changes, as they are binding. Certain provisions of these terms may also be replaced by notices or instructions published elsewhere on the Website. We regularly update the Website and may change its content at any time. If necessary, we may temporarily suspend access to the Website or remove it for an indefinite period without any liability.<\/p><h3>Access<\/h3><p>We reserve the right to withdraw or modify the services and\/or products offered on our Website without prior notice. We will not be liable if, for any reason, our Website is unavailable at any time or for any period. From time to time, we may restrict access to certain parts of our Website or to the entire Website. If, as part of our security procedures, you choose or are provided with a user identification code, password, or any other access information, you must treat such information as confidential and must not disclose it to any third party. We have the right to disable any user identification code or password, whether chosen by you or provided to us, at any time, temporarily or permanently, if in our opinion you have failed to comply with any provision of these Terms of Use. You are also responsible for ensuring that all persons who access our Website through your internet connection are aware of these Terms and agree to comply with them.<\/p><p>If our Website contains links to other websites and resources provided by third parties, these links are provided for your information only. We have no control over the content of those websites or resources and accept no responsibility for them or for any loss or damage that may arise from your use of them.<\/p><h3>Intellectual Property Rights<\/h3><p>We are the owner or the licensee of all intellectual property rights on our Website and in the material published on it. These works are protected by copyright laws and treaties worldwide. All such rights are reserved.<\/p><p>You may print one copy and download extracts of any page(s) from the Website for your personal reference.<\/p><p>You must not modify paper or digital copies of any materials you have printed or downloaded, and you must not use illustrations, photographs, video or audio sequences, or any graphics separately from the accompanying text.<\/p><p>If you print, copy, or download any part of this Website in breach of these Terms of Use, your right to use the Website will cease immediately and you must, at our option, return or destroy any copies of the materials you have made.<\/p><h3>Relationship with Users<\/h3><p>Products and\/or services available for purchase on our Website may be offered as individual items or as packages consisting of multiple items. In all cases, the price always includes our administration and handling.<\/p><p>The mere use of the Website may constitute a chargeable service. With any purchase made on the Website, a contract is concluded between us and the user, who in that case also acts as the customer.<\/p><h3>Purchases<\/h3><p>If you want to make a purchase for your selected products and\/or services, follow the instructions on the Website. A quick overview of the purchase process follows.<\/p><p>First step \u2013 carefully read the description of all products and\/or services, select the quantity of products and\/or services, and add them to the basket.<\/p><p>Second step \u2013 review and if possible change the products and\/or services in the basket, enter the required personal data, and re-confirm your acceptance of the Terms and Conditions. You can also enter a discount code.<\/p><p>Third step \u2013 make the payment or select payment in installments, if available. You can choose a green payment method.<\/p><p>With the purchase, a user account is automatically created for you, and you will become a registered user with access to your user account. Access instructions will be sent to you by e-mail. In the user account, users can manage and change their access data, purchases, newsletter subscriptions, personal data, and more.<\/p><p>Please note that the purchase is not yet confirmed merely by completing the purchase process. The purchase is confirmed only after full or partial payment has been made, depending on the availability of payment in installments. However, if full payment has not been made before execution, the purchase is considered invalid, and we are not obliged to fulfill it. Regardless of the availability of payment in installments, full payment must be made before fulfillment. The contract with us becomes valid only when we issue a confirmation of purchase stating all details of the purchase. We will execute your purchase only when we receive full payment. Carefully check the purchase confirmation and inform us immediately if anything seems wrong or incomplete.<\/p><p>The purchase is valid only if the customer has correctly and fully filled in all necessary data. If the purchase is successfully processed, the customer is notified by e-mail. Providing correct personal data, especially e-mail addresses, is of key importance for a successful and valid purchase. A purchase with incorrect personal user data can be considered invalid.<\/p><p>A purchase can be made for multiple users, whereby the user who made the purchase is the contract holder and responsible to the contact person for all others, unless agreed otherwise in writing. All users for whom the purchase is made may have to submit their personal data as part of the fulfillment process.<\/p><p>All products and\/or services at the listed prices depend on availability and potential additional service costs. In this case, it is a separate service and is not part of the price.<\/p><h3>Prices<\/h3><p>Full details of what is included in the price of the products and\/or services are displayed on our Website. Anything not specifically described as included in the price on our Website is not included and cannot be construed as included. Taxes and fees are included in the prices unless otherwise stated.<\/p><p>We reserve the right to change the prices displayed on our website, but only until your purchase is confirmed. The final price will be confirmed before you proceed with your purchase, including all applicable taxes and fees.<\/p><p>Purchases are usually paid in advance. In accordance with the current legislation regarding prepayments, all prices of products and services already include the value of interest calculated at the interest rate applicable to fixed-term savings deposits.<\/p><h3>Payments<\/h3><p>To make a purchase, you must pay the total or partial purchase price, depending on the availability of installment payments, at the time of purchase, along with the service fee, if any. The purchase is confirmed when we receive the first payment from you.<\/p><p>We accept one or more payment methods. Please check our website for details. We strive to ensure that our website is secure and that no third party can access your payment or other personal information. However, we will not be liable in the event that any third party obtains personal information or data in an unauthorized manner, except through our own negligence. By entering any payment-related information, you confirm that the payment information belongs to you as the buyer.<\/p><p>For any refunds that may be granted to users, we will process them within 30 days of the refund being granted.<\/p><h3>Fee<\/h3><p>We may charge an additional fee for the operation and maintenance of our online store. If a service fee applies, this will be clearly stated in step 2 of the purchase process, along with the value of the service fee. A service fee is a separate service charged only for confirmed purchases at a fixed or variable price (e.g. a percentage of the total purchase value). In the event of changes or cancellation of your purchase, the service fee will be charged and is non-refundable. By accepting these terms and conditions, you forfeit your right to request a refund of the fees, unless otherwise agreed.<\/p><h3>Your changes or cancellations<\/h3><p>You can request a change or cancellation of your purchase in your user account or by email. Please note that products and\/or services purchased on our website can only be changed or cancelled in accordance with applicable law. Please note that the 14-day cooling-off period provided for by the European Union does not apply to any services such as event tickets, hotel bookings, transfers and similar events, and tourism-related services.<\/p><p>In exceptional cases, we may approve the cancellation of your purchase and a refund. If you believe you have the right to cancel, please contact us by email with reasons and evidence.<\/p><h3>Our changes or cancellations<\/h3><p>We will do our best to minimize the possibility of changes to your purchase, and we will notify you of any changes to your purchase as soon as possible.<\/p><p>If your purchase is not confirmed (you have not paid us anything yet) and we need to change the purchase you have booked, we will notify you. You have the right to accept the change and complete the payment to confirm the changed purchase, or to reject the change and thereby cancel the purchase. In either case, we will not be liable for damages.<\/p><p>If your purchase is confirmed (you have paid us in part or in full, depending on the availability of installment payments) and we need to make a material change, such as a change to the terms of fulfillment or a significant change to the product or service purchased, or if we need to cancel any part of your purchase, we will notify you immediately with details of the change or cancellation. You may: accept the change, subject to any price change, and may pay an additional fee or refund the difference in payment; or (if we can offer it to you) take a replacement product or service of equal or better quality for the same price as the original; or (if we can offer it to you) take a replacement product or service of inferior quality to the original; or cancel the original purchase and obtain a full refund of the amount currently paid, less a service fee, if any. You must notify us of your choice as soon as possible and within the specified time frame.<\/p><p>If we cancel your purchase or have to change it, you are not entitled to any compensation or damages. Furthermore, we will not be liable for any compensation if we have changed or cancelled your purchase due to unusual or unforeseeable circumstances beyond our control or the control of our suppliers, the consequences of which could not have been avoided even if due care had been exercised. (i.e. force majeure). These circumstances may include, for example, war, civil commotion, industrial dispute, terrorist activity and its consequences, natural or nuclear disasters, fire, adverse weather conditions, epidemics and pandemics and unavoidable technical problems with transport.<\/p><h3>Complaints and claims<\/h3><p>If you have a complaint about any part of our service, you should raise it at the time the problem arises, as most problems can be resolved quickly and easily. Any complaints or requests should be made by email. This will help us to identify the problem quickly and speed up our response. Failure to follow this procedure will prevent us from investigating and resolving your complaint, which may affect your rights under your contract.<\/p><h3>Our responsibility<\/h3><p>We will ensure that all purchases that form part of your contract with us are made with reasonable skill and care.<\/p><p>In relation to any purchase, we will not be liable for any damage, illness, death, loss (for example loss of enjoyment), damages, costs, expenses or other sum or claim of any description arising from any of the following: (a) the act(s) and\/or omission(s) of the affected person or any member(s) of their party; (b) the act(s) and\/or omission(s) of a third party unrelated to the purchase which were unforeseeable or unavoidable; and (c) unusual and unforeseeable events or circumstances beyond the control of the supplier or our suppliers the consequences of which could not have been avoided even if due care had been taken, including without limitation, exceptional or severe weather conditions, industrial action or fire.<\/p><h3>Privacy and data processing<\/h3><p>In order to fulfill our obligations in relation to your purchase, we need to use the personal information you provide to us, such as your name, surname, address, email, telephone number and\/or any personal information that will be exchanged. We will ensure appropriate security measures are in place to protect your information and will comply with applicable law. Please see our Privacy Policy for more information.<\/p><h3>Viruses, hacking and other breaches<\/h3><p>You must not misuse our website by knowingly introducing viruses or anything else which may be harmful or technologically harmful to our website. You must not attempt to gain unauthorised access to our website, the server on which our website is stored, or any server, computer or database connected to our website.<\/p><p>Any breach of this provision would constitute a criminal offence. We will report any such breach to the appropriate law enforcement authorities and will cooperate with those authorities by disclosing your identity to them. In the event of such breach, your right to use our site will cease immediately.<\/p><p>We will not be liable for any loss or damage caused by a distributed denial-of-service attack, viruses or other technologically harmful material that may infect your devices or equipment, programs, data or other proprietary material due to your use of our website or to your downloading of any material posted on it or to any website linked to it.<\/p><h3>Violation of Terms of Service<\/h3><p>If we believe that there has been a breach of these Terms of Service, we may take such action as we deem appropriate, including some or all of the following: immediate, temporary or permanent suspension of your right to use our website; immediate, temporary or permanent removal of any postings or material you have uploaded to our website; issuing a warning to you; legal proceedings against you for the recovery of all costs and damages (including, but not limited to, reasonable administrative and legal costs) resulting from the breach; further legal proceedings against you; disclosure of such information to law enforcement authorities where we believe it is necessary. We are not liable for any actions taken in response to breaches of these Terms of Service.<\/p><h3>Law and jurisdiction<\/h3><p>Any dispute, claim or other matter arising out of or in connection with this Agreement or these Terms of Business shall be governed by and construed in accordance with the laws of the State of Slovenia. The courts of the State of Slovenia shall have exclusive jurisdiction to decide any dispute or claim arising out of or in connection with this Agreement.<\/p>\t\t\t\t\t\t\t\t<\/div>\n\t\t\t\t\t<\/div>\n\t\t\t\t<\/div>\n\t\t\t\t<\/div>","protected":false},"excerpt":{"rendered":"<p>POGOJI UPORABE Uvod Naslednji Pogoji poslovanja dolo\u010dajo, kako uporabljate na\u0161o spletno trgovino. Preden za\u010dnete uporabljati spletno trgovino in preden opravite nakup, natan\u010dno preberite te pogoje. Z uporabo te spletne trgovine izjavljate, da sprejemate te pogoje in pogoje, razumete, da jih zavezujete in se strinjate, da jih boste upo\u0161tevali. \u010ce se s temi dolo\u010dili in pogoji [&hellip;]<\/p>\n","protected":false},"author":2,"featured_media":0,"parent":0,"menu_order":0,"comment_status":"closed","ping_status":"closed","template":"","meta":{"footnotes":""},"class_list":["post-221","page","type-page","status-publish","hentry"],"_links":{"self":[{"href":"https:\/\/cateringkos.si\/en\/wp-json\/wp\/v2\/pages\/221","targetHints":{"allow":["GET"]}}],"collection":[{"href":"https:\/\/cateringkos.si\/en\/wp-json\/wp\/v2\/pages"}],"about":[{"href":"https:\/\/cateringkos.si\/en\/wp-json\/wp\/v2\/types\/page"}],"author":[{"embeddable":true,"href":"https:\/\/cateringkos.si\/en\/wp-json\/wp\/v2\/users\/2"}],"replies":[{"embeddable":true,"href":"https:\/\/cateringkos.si\/en\/wp-json\/wp\/v2\/comments?post=221"}],"version-history":[{"count":8,"href":"https:\/\/cateringkos.si\/en\/wp-json\/wp\/v2\/pages\/221\/revisions"}],"predecessor-version":[{"id":285,"href":"https:\/\/cateringkos.si\/en\/wp-json\/wp\/v2\/pages\/221\/revisions\/285"}],"wp:attachment":[{"href":"https:\/\/cateringkos.si\/en\/wp-json\/wp\/v2\/media?parent=221"}],"curies":[{"name":"wp","href":"https:\/\/api.w.org\/{rel}","templated":true}]}}