{"id":156,"date":"2025-07-26T07:35:15","date_gmt":"2025-07-26T07:35:15","guid":{"rendered":"https:\/\/cateringkos.comms.website\/?page_id=156"},"modified":"2025-07-30T10:43:26","modified_gmt":"2025-07-30T10:43:26","slug":"o-nas","status":"publish","type":"page","link":"https:\/\/cateringkos.si\/en\/o-nas\/","title":{"rendered":"About us"},"content":{"rendered":"<div data-elementor-type=\"wp-page\" data-elementor-id=\"156\" class=\"elementor elementor-156\" data-elementor-settings=\"{&quot;ha_cmc_init_switcher&quot;:&quot;no&quot;}\">\n\t\t\t\t<div class=\"elementor-element elementor-element-ffba4ef e-flex e-con-boxed e-con e-parent\" data-id=\"ffba4ef\" data-element_type=\"container\" data-e-type=\"container\" data-settings=\"{&quot;_ha_eqh_enable&quot;:false}\">\n\t\t\t\t\t<div class=\"e-con-inner\">\n\t\t\t\t<div class=\"elementor-element elementor-element-1d6ca36 elementor-widget elementor-widget-heading\" data-id=\"1d6ca36\" data-element_type=\"widget\" data-e-type=\"widget\" data-widget_type=\"heading.default\">\n\t\t\t\t\t<h2 class=\"elementor-heading-title elementor-size-default\">O NAS<\/h2>\t\t\t\t<\/div>\n\t\t\t\t<div class=\"elementor-element elementor-element-f4e2afb elementor-widget elementor-widget-image\" data-id=\"f4e2afb\" data-element_type=\"widget\" data-e-type=\"widget\" data-widget_type=\"image.default\">\n\t\t\t\t\t\t\t\t\t\t\t\t\t\t\t<img fetchpriority=\"high\" decoding=\"async\" width=\"545\" height=\"598\" src=\"https:\/\/cateringkos.si\/wp-content\/uploads\/2025\/07\/scr-20240109-nqcw.png\" class=\"attachment-large size-large wp-image-161\" alt=\"\" srcset=\"https:\/\/cateringkos.si\/wp-content\/uploads\/2025\/07\/scr-20240109-nqcw.png 545w, https:\/\/cateringkos.si\/wp-content\/uploads\/2025\/07\/scr-20240109-nqcw-273x300.png 273w\" sizes=\"(max-width: 545px) 100vw, 545px\" \/>\t\t\t\t\t\t\t\t\t\t\t\t\t\t\t<\/div>\n\t\t<div class=\"elementor-element elementor-element-0f93f95 e-con-full e-flex e-con e-child\" data-id=\"0f93f95\" data-element_type=\"container\" data-e-type=\"container\" data-settings=\"{&quot;_ha_eqh_enable&quot;:false}\">\n\t\t<div class=\"elementor-element elementor-element-03796a6 e-con-full e-flex e-con e-child\" data-id=\"03796a6\" data-element_type=\"container\" data-e-type=\"container\" data-settings=\"{&quot;_ha_eqh_enable&quot;:false}\">\n\t\t\t\t<div class=\"elementor-element elementor-element-4f6de98 elementor-widget elementor-widget-heading\" data-id=\"4f6de98\" data-element_type=\"widget\" data-e-type=\"widget\" data-widget_type=\"heading.default\">\n\t\t\t\t\t<h2 class=\"elementor-heading-title elementor-size-default\">GA\u0160PER<\/h2>\t\t\t\t<\/div>\n\t\t\t\t<div class=\"elementor-element elementor-element-1144c37 elementor-widget elementor-widget-text-editor\" data-id=\"1144c37\" data-element_type=\"widget\" data-e-type=\"widget\" data-widget_type=\"text-editor.default\">\n\t\t\t\t\t\t\t\t\t<p>\u2026is the owner of the company and its creative lead. In addition to his role as head chef in the kitchen and at events, he oversees ingredient sourcing and serves as the main event coordinator.<\/p>\t\t\t\t\t\t\t\t<\/div>\n\t\t\t\t<\/div>\n\t\t<div class=\"elementor-element elementor-element-4d6e049 e-con-full e-flex e-con e-child\" data-id=\"4d6e049\" data-element_type=\"container\" data-e-type=\"container\" data-settings=\"{&quot;_ha_eqh_enable&quot;:false}\">\n\t\t\t\t<div class=\"elementor-element elementor-element-f2a26ed elementor-widget elementor-widget-heading\" data-id=\"f2a26ed\" data-element_type=\"widget\" data-e-type=\"widget\" data-widget_type=\"heading.default\">\n\t\t\t\t\t<h2 class=\"elementor-heading-title elementor-size-default\">SUZANA<\/h2>\t\t\t\t<\/div>\n\t\t\t\t<div class=\"elementor-element elementor-element-3f6a1cf elementor-widget elementor-widget-text-editor\" data-id=\"3f6a1cf\" data-element_type=\"widget\" data-e-type=\"widget\" data-widget_type=\"text-editor.default\">\n\t\t\t\t\t\t\t\t\t<p>With her strong sense of aesthetics and attention to detail, she has developed a unique and distinctive style of finger food, as well as catering for all types of events.<\/p>\t\t\t\t\t\t\t\t<\/div>\n\t\t\t\t<\/div>\n\t\t\t\t<\/div>\n\t\t\t\t\t<\/div>\n\t\t\t\t<\/div>\n\t\t<div class=\"elementor-element elementor-element-9cd3c6c e-flex e-con-boxed e-con e-parent\" data-id=\"9cd3c6c\" data-element_type=\"container\" data-e-type=\"container\" data-settings=\"{&quot;background_background&quot;:&quot;classic&quot;,&quot;_ha_eqh_enable&quot;:false}\">\n\t\t\t\t\t<div class=\"e-con-inner\">\n\t\t\t\t<div class=\"elementor-element elementor-element-db17791 elementor-widget elementor-widget-shortcode\" data-id=\"db17791\" data-element_type=\"widget\" data-e-type=\"widget\" data-widget_type=\"shortcode.default\">\n\t\t\t\t\t\t\t<div class=\"elementor-shortcode\">\n<div class=\"wpcf7 no-js\" id=\"wpcf7-f244-o1\" lang=\"en-US\" dir=\"ltr\" data-wpcf7-id=\"244\">\n<div class=\"screen-reader-response\"><p role=\"status\" aria-live=\"polite\" aria-atomic=\"true\"><\/p> <ul><\/ul><\/div>\n<form action=\"\/en\/wp-json\/wp\/v2\/pages\/156#wpcf7-f244-o1\" method=\"post\" class=\"wpcf7-form init\" aria-label=\"Contact form\" novalidate=\"novalidate\" data-status=\"init\" data-trp-original-action=\"\/en\/wp-json\/wp\/v2\/pages\/156#wpcf7-f244-o1\">\n<fieldset class=\"hidden-fields-container\"><input type=\"hidden\" name=\"_wpcf7\" value=\"244\" \/><input type=\"hidden\" name=\"_wpcf7_version\" value=\"6.1.5\" \/><input type=\"hidden\" name=\"_wpcf7_locale\" value=\"en_US\" \/><input type=\"hidden\" name=\"_wpcf7_unit_tag\" value=\"wpcf7-f244-o1\" \/><input type=\"hidden\" name=\"_wpcf7_container_post\" value=\"0\" \/><input type=\"hidden\" name=\"_wpcf7_posted_data_hash\" value=\"\" \/>\n<\/fieldset>\n<h2>Contact\n<\/h2>\n<p><label>* First name<br \/>\n<span class=\"wpcf7-form-control-wrap\" data-name=\"first_name\"><input size=\"40\" maxlength=\"400\" class=\"wpcf7-form-control wpcf7-text wpcf7-validates-as-required\" aria-required=\"true\" aria-invalid=\"false\" value=\"\" type=\"text\" name=\"first_name\" \/><\/span><\/label>\n<\/p>\n<p><label>* Last name<br \/>\n<span class=\"wpcf7-form-control-wrap\" data-name=\"last_name\"><input size=\"40\" maxlength=\"400\" class=\"wpcf7-form-control wpcf7-text wpcf7-validates-as-required\" aria-required=\"true\" aria-invalid=\"false\" value=\"\" type=\"text\" name=\"last_name\" \/><\/span><\/label>\n<\/p>\n<p><label>* Email address<br \/>\n<span class=\"wpcf7-form-control-wrap\" data-name=\"your_email\"><input size=\"40\" maxlength=\"400\" class=\"wpcf7-form-control wpcf7-email wpcf7-validates-as-required wpcf7-text wpcf7-validates-as-email\" aria-required=\"true\" aria-invalid=\"false\" value=\"\" type=\"email\" name=\"your_email\" \/><\/span><\/label>\n<\/p>\n<p><label>* Message<br \/>\n<span class=\"wpcf7-form-control-wrap\" data-name=\"your_message\"><textarea cols=\"40\" rows=\"10\" maxlength=\"2000\" class=\"wpcf7-form-control wpcf7-textarea wpcf7-validates-as-required\" aria-required=\"true\" aria-invalid=\"false\" name=\"your_message\"><\/textarea><\/span><\/label>\n<\/p>\n<p><input class=\"wpcf7-form-control wpcf7-submit has-spinner\" type=\"submit\" value=\"Send\" \/>\n<\/p><div class=\"wpcf7-response-output\" aria-hidden=\"true\"><\/div>\n<input type=\"hidden\" name=\"trp-form-language\" value=\"en\"\/><\/form>\n<\/div>\n<\/div>\n\t\t\t\t\t\t<\/div>\n\t\t\t\t\t<\/div>\n\t\t\t\t<\/div>\n\t\t\t\t<\/div>","protected":false},"excerpt":{"rendered":"<p>O NAS GA\u0160PER &#8230;je lastnik podjetja in idejni vodja.\u00a0Poleg tega, da ima vlogo glavnega kuharja v kuhinji in na dogodkih, ureja nabavo surovin in je glavni koordinator na dogodkih. SUZANA S svojim ob\u010dutkom za estetiko in natan\u010dnostjo je razvila edinstven in druga\u010den slog fingerfooda, ter vseh vrst pogostitev.<\/p>","protected":false},"author":2,"featured_media":0,"parent":0,"menu_order":0,"comment_status":"closed","ping_status":"closed","template":"","meta":{"footnotes":""},"class_list":["post-156","page","type-page","status-publish","hentry"],"_links":{"self":[{"href":"https:\/\/cateringkos.si\/en\/wp-json\/wp\/v2\/pages\/156","targetHints":{"allow":["GET"]}}],"collection":[{"href":"https:\/\/cateringkos.si\/en\/wp-json\/wp\/v2\/pages"}],"about":[{"href":"https:\/\/cateringkos.si\/en\/wp-json\/wp\/v2\/types\/page"}],"author":[{"embeddable":true,"href":"https:\/\/cateringkos.si\/en\/wp-json\/wp\/v2\/users\/2"}],"replies":[{"embeddable":true,"href":"https:\/\/cateringkos.si\/en\/wp-json\/wp\/v2\/comments?post=156"}],"version-history":[{"count":19,"href":"https:\/\/cateringkos.si\/en\/wp-json\/wp\/v2\/pages\/156\/revisions"}],"predecessor-version":[{"id":247,"href":"https:\/\/cateringkos.si\/en\/wp-json\/wp\/v2\/pages\/156\/revisions\/247"}],"wp:attachment":[{"href":"https:\/\/cateringkos.si\/en\/wp-json\/wp\/v2\/media?parent=156"}],"curies":[{"name":"wp","href":"https:\/\/api.w.org\/{rel}","templated":true}]}}