{"id":11,"date":"2025-07-25T00:30:43","date_gmt":"2025-07-25T00:30:43","guid":{"rendered":"https:\/\/cateringkos.comms.website\/?page_id=11"},"modified":"2026-01-21T04:28:21","modified_gmt":"2026-01-21T04:28:21","slug":"domov","status":"publish","type":"page","link":"https:\/\/cateringkos.si\/en\/","title":{"rendered":"Home"},"content":{"rendered":"<div data-elementor-type=\"wp-page\" data-elementor-id=\"11\" class=\"elementor elementor-11\" data-elementor-settings=\"{&quot;ha_cmc_init_switcher&quot;:&quot;no&quot;}\">\n\t\t\t\t<div class=\"elementor-element elementor-element-d6f2fe8 e-flex e-con-boxed e-con e-parent\" data-id=\"d6f2fe8\" data-element_type=\"container\" data-e-type=\"container\" data-settings=\"{&quot;_ha_eqh_enable&quot;:&quot;yes&quot;,&quot;_ha_eqh_widget&quot;:[],&quot;_ha_eqh_to&quot;:&quot;widget&quot;,&quot;_ha_eqh_disable_on_tablet&quot;:&quot;no&quot;,&quot;_ha_eqh_disable_on_mobile&quot;:&quot;yes&quot;}\">\n\t\t\t\t\t<div class=\"e-con-inner\">\n\t\t<div class=\"elementor-element elementor-element-fb371c5 e-con-full e-flex e-con e-child\" data-id=\"fb371c5\" data-element_type=\"container\" data-e-type=\"container\">\n\t\t\t\t<div class=\"elementor-element elementor-element-cc98ab7 elementor-widget elementor-widget-heading\" data-id=\"cc98ab7\" data-element_type=\"widget\" data-e-type=\"widget\" data-widget_type=\"heading.default\">\n\t\t\t\t\t<h1 class=\"elementor-heading-title elementor-size-default\">PROFESSIONAL CATERING<\/h1>\t\t\t\t<\/div>\n\t\t\t\t<div class=\"elementor-element elementor-element-e4f6853 elementor-widget elementor-widget-text-editor\" data-id=\"e4f6853\" data-element_type=\"widget\" data-e-type=\"widget\" data-widget_type=\"text-editor.default\">\n\t\t\t\t\t\t\t\t\t<p>We'll be happy to drive to your location with our travelling kitchen, where we'll showcook fresh and tasty food for you. We are ready to cater for all types of events.<\/p>\t\t\t\t\t\t\t\t<\/div>\n\t\t\t\t<div class=\"elementor-element elementor-element-2e434eb elementor-widget elementor-widget-button\" data-id=\"2e434eb\" data-element_type=\"widget\" data-e-type=\"widget\" data-widget_type=\"button.default\">\n\t\t\t\t\t\t\t\t\t\t<a class=\"elementor-button elementor-button-link elementor-size-sm\" href=\"\/en\/povprasevanje\/\">\n\t\t\t\t\t\t<span class=\"elementor-button-content-wrapper\">\n\t\t\t\t\t\t\t\t\t<span class=\"elementor-button-text\">Send your enquiry<\/span>\n\t\t\t\t\t<\/span>\n\t\t\t\t\t<\/a>\n\t\t\t\t\t\t\t\t<\/div>\n\t\t\t\t<\/div>\n\t\t<div class=\"elementor-element elementor-element-8255e95 e-con-full e-flex e-con e-child\" data-id=\"8255e95\" data-element_type=\"container\" data-e-type=\"container\" data-settings=\"{&quot;_ha_eqh_enable&quot;:false}\">\n\t\t\t\t<div class=\"elementor-element elementor-element-51e9edd elementor-widget elementor-widget-image\" data-id=\"51e9edd\" data-element_type=\"widget\" data-e-type=\"widget\" data-widget_type=\"image.default\">\n\t\t\t\t\t\t\t\t\t\t\t\t\t\t\t<img fetchpriority=\"high\" decoding=\"async\" width=\"608\" height=\"640\" src=\"https:\/\/cateringkos.si\/wp-content\/uploads\/2025\/07\/tuna-6849006_640_2_1.png\" class=\"attachment-large size-large wp-image-17\" alt=\"\" srcset=\"https:\/\/cateringkos.si\/wp-content\/uploads\/2025\/07\/tuna-6849006_640_2_1.png 608w, https:\/\/cateringkos.si\/wp-content\/uploads\/2025\/07\/tuna-6849006_640_2_1-285x300.png 285w\" sizes=\"(max-width: 608px) 100vw, 608px\" \/>\t\t\t\t\t\t\t\t\t\t\t\t\t\t\t<\/div>\n\t\t\t\t<\/div>\n\t\t\t\t\t<\/div>\n\t\t\t\t<\/div>\n\t\t<div class=\"elementor-element elementor-element-60c1ec4 e-flex e-con-boxed e-con e-parent\" data-id=\"60c1ec4\" data-element_type=\"container\" data-e-type=\"container\" data-settings=\"{&quot;_ha_eqh_enable&quot;:false}\">\n\t\t\t\t\t<div class=\"e-con-inner\">\n\t\t<div class=\"elementor-element elementor-element-c8b147d e-con-full e-flex e-con e-child\" data-id=\"c8b147d\" data-element_type=\"container\" data-e-type=\"container\" data-settings=\"{&quot;background_background&quot;:&quot;classic&quot;,&quot;_ha_eqh_enable&quot;:false}\">\n\t\t<div class=\"elementor-element elementor-element-05049b5 e-con-full e-flex e-con e-child\" data-id=\"05049b5\" data-element_type=\"container\" data-e-type=\"container\" data-settings=\"{&quot;background_background&quot;:&quot;classic&quot;,&quot;_ha_eqh_enable&quot;:false}\">\n\t\t\t\t<div class=\"elementor-element elementor-element-1063994 elementor-widget elementor-widget-heading\" data-id=\"1063994\" data-element_type=\"widget\" data-e-type=\"widget\" data-widget_type=\"heading.default\">\n\t\t\t\t\t<p class=\"elementor-heading-title elementor-size-default\"><a href=\"#\">WEDDINGS<\/a><\/p>\t\t\t\t<\/div>\n\t\t\t\t<\/div>\n\t\t<div class=\"elementor-element elementor-element-c638481 e-con-full e-flex e-con e-child\" data-id=\"c638481\" data-element_type=\"container\" data-e-type=\"container\" data-settings=\"{&quot;background_background&quot;:&quot;classic&quot;,&quot;_ha_eqh_enable&quot;:false}\">\n\t\t\t\t<div class=\"elementor-element elementor-element-3448ac0 elementor-widget elementor-widget-heading\" data-id=\"3448ac0\" data-element_type=\"widget\" data-e-type=\"widget\" data-widget_type=\"heading.default\">\n\t\t\t\t\t<p class=\"elementor-heading-title elementor-size-default\"><a href=\"#\">PICNICS<\/a><\/p>\t\t\t\t<\/div>\n\t\t\t\t<\/div>\n\t\t<div class=\"elementor-element elementor-element-30b995e e-con-full e-flex e-con e-child\" data-id=\"30b995e\" data-element_type=\"container\" data-e-type=\"container\" data-settings=\"{&quot;background_background&quot;:&quot;classic&quot;,&quot;_ha_eqh_enable&quot;:false}\">\n\t\t\t\t<div class=\"elementor-element elementor-element-8e8b769 elementor-widget elementor-widget-heading\" data-id=\"8e8b769\" data-element_type=\"widget\" data-e-type=\"widget\" data-widget_type=\"heading.default\">\n\t\t\t\t\t<p class=\"elementor-heading-title elementor-size-default\"><a href=\"#\">ENTERTAINMENT<\/a><\/p>\t\t\t\t<\/div>\n\t\t\t\t<\/div>\n\t\t<div class=\"elementor-element elementor-element-cb41ae7 e-con-full e-flex e-con e-child\" data-id=\"cb41ae7\" data-element_type=\"container\" data-e-type=\"container\" data-settings=\"{&quot;background_background&quot;:&quot;classic&quot;,&quot;_ha_eqh_enable&quot;:false}\">\n\t\t\t\t<div class=\"elementor-element elementor-element-86f40d8 elementor-widget elementor-widget-heading\" data-id=\"86f40d8\" data-element_type=\"widget\" data-e-type=\"widget\" data-widget_type=\"heading.default\">\n\t\t\t\t\t<p class=\"elementor-heading-title elementor-size-default\"><a href=\"#\">EVENTS<\/a><\/p>\t\t\t\t<\/div>\n\t\t\t\t<\/div>\n\t\t\t\t<\/div>\n\t\t\t\t\t<\/div>\n\t\t\t\t<\/div>\n\t\t<div class=\"elementor-element elementor-element-78f6609 e-flex e-con-boxed e-con e-parent\" data-id=\"78f6609\" data-element_type=\"container\" data-e-type=\"container\" data-settings=\"{&quot;_ha_eqh_enable&quot;:false}\">\n\t\t\t\t\t<div class=\"e-con-inner\">\n\t\t\t\t<div class=\"elementor-element elementor-element-d251a0b elementor-widget elementor-widget-heading\" data-id=\"d251a0b\" data-element_type=\"widget\" data-e-type=\"widget\" data-widget_type=\"heading.default\">\n\t\t\t\t\t<h2 class=\"elementor-heading-title elementor-size-default\">SERVICES<\/h2>\t\t\t\t<\/div>\n\t\t\t\t<div class=\"elementor-element elementor-element-9859a0f elementor-widget elementor-widget-text-editor\" data-id=\"9859a0f\" data-element_type=\"widget\" data-e-type=\"widget\" data-widget_type=\"text-editor.default\">\n\t\t\t\t\t\t\t\t\t<p>Our main area of activity is catering for weddings, picnics, anniversaries, various celebrations, business dinners, etc. Tasty food prepared with lots of love is the basis, and satisfied guests are the icing on the cake.<\/p>\t\t\t\t\t\t\t\t<\/div>\n\t\t\t\t<div class=\"elementor-element elementor-element-16d1dbc elementor-align-center elementor-widget elementor-widget-button\" data-id=\"16d1dbc\" data-element_type=\"widget\" data-e-type=\"widget\" data-widget_type=\"button.default\">\n\t\t\t\t\t\t\t\t\t\t<a class=\"elementor-button elementor-button-link elementor-size-sm\" href=\"\/en\/storitve\/\">\n\t\t\t\t\t\t<span class=\"elementor-button-content-wrapper\">\n\t\t\t\t\t\t\t\t\t<span class=\"elementor-button-text\">Read more<\/span>\n\t\t\t\t\t<\/span>\n\t\t\t\t\t<\/a>\n\t\t\t\t\t\t\t\t<\/div>\n\t\t\t\t\t<\/div>\n\t\t\t\t<\/div>\n\t\t<div class=\"elementor-element elementor-element-146d7d7 homepage-carousel e-flex e-con-boxed e-con e-parent\" data-id=\"146d7d7\" data-element_type=\"container\" data-e-type=\"container\" data-settings=\"{&quot;_ha_eqh_enable&quot;:false}\">\n\t\t\t\t\t<div class=\"e-con-inner\">\n\t\t\t\t<div class=\"elementor-element elementor-element-419c4dc elementor-arrows-position-inside elementor-pagination-position-outside elementor-widget elementor-widget-image-carousel\" data-id=\"419c4dc\" data-element_type=\"widget\" data-e-type=\"widget\" data-settings=\"{&quot;slides_to_show&quot;:&quot;5&quot;,&quot;image_spacing_custom&quot;:{&quot;unit&quot;:&quot;px&quot;,&quot;size&quot;:15,&quot;sizes&quot;:[]},&quot;navigation&quot;:&quot;both&quot;,&quot;autoplay&quot;:&quot;yes&quot;,&quot;pause_on_hover&quot;:&quot;yes&quot;,&quot;pause_on_interaction&quot;:&quot;yes&quot;,&quot;autoplay_speed&quot;:5000,&quot;infinite&quot;:&quot;yes&quot;,&quot;speed&quot;:500,&quot;image_spacing_custom_tablet&quot;:{&quot;unit&quot;:&quot;px&quot;,&quot;size&quot;:&quot;&quot;,&quot;sizes&quot;:[]},&quot;image_spacing_custom_mobile&quot;:{&quot;unit&quot;:&quot;px&quot;,&quot;size&quot;:&quot;&quot;,&quot;sizes&quot;:[]}}\" data-widget_type=\"image-carousel.default\">\n\t\t\t\t\t\t\t<div class=\"elementor-image-carousel-wrapper swiper\" role=\"region\" aria-roledescription=\"carousel\" aria-label=\"Image of Carousel\" dir=\"ltr\">\n\t\t\t<div class=\"elementor-image-carousel swiper-wrapper\" aria-live=\"off\">\n\t\t\t\t\t\t\t\t<div class=\"swiper-slide\" role=\"group\" aria-roledescription=\"slide\" aria-label=\"1 of 10\"><a data-elementor-open-lightbox=\"yes\" data-elementor-lightbox-slideshow=\"419c4dc\" data-elementor-lightbox-title=\"IMG_0614\" data-e-action-hash=\"#elementor-action%3Aaction%3Dlightbox%26settings%3DeyJpZCI6MjYzLCJ1cmwiOiJodHRwczpcL1wvY2F0ZXJpbmdrb3Muc2lcL3dwLWNvbnRlbnRcL3VwbG9hZHNcLzIwMjVcLzA3XC9JTUdfMDYxNC5qcGciLCJzbGlkZXNob3ciOiI0MTljNGRjIn0%3D\" href=\"https:\/\/cateringkos.si\/wp-content\/uploads\/2025\/07\/IMG_0614.jpg\"><figure class=\"swiper-slide-inner\"><img decoding=\"async\" class=\"swiper-slide-image\" src=\"https:\/\/cateringkos.si\/wp-content\/uploads\/2025\/07\/IMG_0614-577x1024.jpg\" alt=\"IMG_0614\" \/><\/figure><\/a><\/div><div class=\"swiper-slide\" role=\"group\" aria-roledescription=\"slide\" aria-label=\"2 of 10\"><a data-elementor-open-lightbox=\"yes\" data-elementor-lightbox-slideshow=\"419c4dc\" data-elementor-lightbox-title=\"IMG_0613\" data-e-action-hash=\"#elementor-action%3Aaction%3Dlightbox%26settings%3DeyJpZCI6MjY0LCJ1cmwiOiJodHRwczpcL1wvY2F0ZXJpbmdrb3Muc2lcL3dwLWNvbnRlbnRcL3VwbG9hZHNcLzIwMjVcLzA3XC9JTUdfMDYxMy5qcGciLCJzbGlkZXNob3ciOiI0MTljNGRjIn0%3D\" href=\"https:\/\/cateringkos.si\/wp-content\/uploads\/2025\/07\/IMG_0613.jpg\"><figure class=\"swiper-slide-inner\"><img decoding=\"async\" class=\"swiper-slide-image\" src=\"https:\/\/cateringkos.si\/wp-content\/uploads\/2025\/07\/IMG_0613-615x1024.jpg\" alt=\"IMG_0613\" \/><\/figure><\/a><\/div><div class=\"swiper-slide\" role=\"group\" aria-roledescription=\"slide\" aria-label=\"3 of 10\"><a data-elementor-open-lightbox=\"yes\" data-elementor-lightbox-slideshow=\"419c4dc\" data-elementor-lightbox-title=\"IMG_0612\" data-e-action-hash=\"#elementor-action%3Aaction%3Dlightbox%26settings%3DeyJpZCI6MjY1LCJ1cmwiOiJodHRwczpcL1wvY2F0ZXJpbmdrb3Muc2lcL3dwLWNvbnRlbnRcL3VwbG9hZHNcLzIwMjVcLzA3XC9JTUdfMDYxMi5qcGciLCJzbGlkZXNob3ciOiI0MTljNGRjIn0%3D\" href=\"https:\/\/cateringkos.si\/wp-content\/uploads\/2025\/07\/IMG_0612.jpg\"><figure class=\"swiper-slide-inner\"><img decoding=\"async\" class=\"swiper-slide-image\" src=\"https:\/\/cateringkos.si\/wp-content\/uploads\/2025\/07\/IMG_0612-578x1024.jpg\" alt=\"IMG_0612\" \/><\/figure><\/a><\/div><div class=\"swiper-slide\" role=\"group\" aria-roledescription=\"slide\" aria-label=\"4 of 10\"><a data-elementor-open-lightbox=\"yes\" data-elementor-lightbox-slideshow=\"419c4dc\" data-elementor-lightbox-title=\"IMG_0611\" data-e-action-hash=\"#elementor-action%3Aaction%3Dlightbox%26settings%3DeyJpZCI6MjY2LCJ1cmwiOiJodHRwczpcL1wvY2F0ZXJpbmdrb3Muc2lcL3dwLWNvbnRlbnRcL3VwbG9hZHNcLzIwMjVcLzA3XC9JTUdfMDYxMS5qcGciLCJzbGlkZXNob3ciOiI0MTljNGRjIn0%3D\" href=\"https:\/\/cateringkos.si\/wp-content\/uploads\/2025\/07\/IMG_0611.jpg\"><figure class=\"swiper-slide-inner\"><img decoding=\"async\" class=\"swiper-slide-image\" src=\"https:\/\/cateringkos.si\/wp-content\/uploads\/2025\/07\/IMG_0611-574x1024.jpg\" alt=\"IMG_0611\" \/><\/figure><\/a><\/div><div class=\"swiper-slide\" role=\"group\" aria-roledescription=\"slide\" aria-label=\"5 of 10\"><a data-elementor-open-lightbox=\"yes\" data-elementor-lightbox-slideshow=\"419c4dc\" data-elementor-lightbox-title=\"IMG_0610\" data-e-action-hash=\"#elementor-action%3Aaction%3Dlightbox%26settings%3DeyJpZCI6MjY3LCJ1cmwiOiJodHRwczpcL1wvY2F0ZXJpbmdrb3Muc2lcL3dwLWNvbnRlbnRcL3VwbG9hZHNcLzIwMjVcLzA3XC9JTUdfMDYxMC5qcGciLCJzbGlkZXNob3ciOiI0MTljNGRjIn0%3D\" href=\"https:\/\/cateringkos.si\/wp-content\/uploads\/2025\/07\/IMG_0610.jpg\"><figure class=\"swiper-slide-inner\"><img decoding=\"async\" class=\"swiper-slide-image\" src=\"https:\/\/cateringkos.si\/wp-content\/uploads\/2025\/07\/IMG_0610-818x1024.jpg\" alt=\"IMG_0610\" \/><\/figure><\/a><\/div><div class=\"swiper-slide\" role=\"group\" aria-roledescription=\"slide\" aria-label=\"6 of 10\"><a data-elementor-open-lightbox=\"yes\" data-elementor-lightbox-slideshow=\"419c4dc\" data-elementor-lightbox-title=\"IMG_0606\" data-e-action-hash=\"#elementor-action%3Aaction%3Dlightbox%26settings%3DeyJpZCI6MjY4LCJ1cmwiOiJodHRwczpcL1wvY2F0ZXJpbmdrb3Muc2lcL3dwLWNvbnRlbnRcL3VwbG9hZHNcLzIwMjVcLzA3XC9JTUdfMDYwNi5qcGciLCJzbGlkZXNob3ciOiI0MTljNGRjIn0%3D\" href=\"https:\/\/cateringkos.si\/wp-content\/uploads\/2025\/07\/IMG_0606.jpg\"><figure class=\"swiper-slide-inner\"><img decoding=\"async\" class=\"swiper-slide-image\" src=\"https:\/\/cateringkos.si\/wp-content\/uploads\/2025\/07\/IMG_0606-815x1024.jpg\" alt=\"IMG_0606\" \/><\/figure><\/a><\/div><div class=\"swiper-slide\" role=\"group\" aria-roledescription=\"slide\" aria-label=\"7 of 10\"><a data-elementor-open-lightbox=\"yes\" data-elementor-lightbox-slideshow=\"419c4dc\" data-elementor-lightbox-title=\"IMG_0609\" data-e-action-hash=\"#elementor-action%3Aaction%3Dlightbox%26settings%3DeyJpZCI6MjY5LCJ1cmwiOiJodHRwczpcL1wvY2F0ZXJpbmdrb3Muc2lcL3dwLWNvbnRlbnRcL3VwbG9hZHNcLzIwMjVcLzA3XC9JTUdfMDYwOS5qcGciLCJzbGlkZXNob3ciOiI0MTljNGRjIn0%3D\" href=\"https:\/\/cateringkos.si\/wp-content\/uploads\/2025\/07\/IMG_0609.jpg\"><figure class=\"swiper-slide-inner\"><img decoding=\"async\" class=\"swiper-slide-image\" src=\"https:\/\/cateringkos.si\/wp-content\/uploads\/2025\/07\/IMG_0609-820x1024.jpg\" alt=\"IMG_0609\" \/><\/figure><\/a><\/div><div class=\"swiper-slide\" role=\"group\" aria-roledescription=\"slide\" aria-label=\"8 of 10\"><a data-elementor-open-lightbox=\"yes\" data-elementor-lightbox-slideshow=\"419c4dc\" data-elementor-lightbox-title=\"IMG_0605\" data-e-action-hash=\"#elementor-action%3Aaction%3Dlightbox%26settings%3DeyJpZCI6MjcwLCJ1cmwiOiJodHRwczpcL1wvY2F0ZXJpbmdrb3Muc2lcL3dwLWNvbnRlbnRcL3VwbG9hZHNcLzIwMjVcLzA3XC9JTUdfMDYwNS5qcGciLCJzbGlkZXNob3ciOiI0MTljNGRjIn0%3D\" href=\"https:\/\/cateringkos.si\/wp-content\/uploads\/2025\/07\/IMG_0605.jpg\"><figure class=\"swiper-slide-inner\"><img decoding=\"async\" class=\"swiper-slide-image\" src=\"https:\/\/cateringkos.si\/wp-content\/uploads\/2025\/07\/IMG_0605-822x1024.jpg\" alt=\"IMG_0605\" \/><\/figure><\/a><\/div><div class=\"swiper-slide\" role=\"group\" aria-roledescription=\"slide\" aria-label=\"9 of 10\"><a data-elementor-open-lightbox=\"yes\" data-elementor-lightbox-slideshow=\"419c4dc\" data-elementor-lightbox-title=\"IMG_0604\" data-e-action-hash=\"#elementor-action%3Aaction%3Dlightbox%26settings%3DeyJpZCI6MjcxLCJ1cmwiOiJodHRwczpcL1wvY2F0ZXJpbmdrb3Muc2lcL3dwLWNvbnRlbnRcL3VwbG9hZHNcLzIwMjVcLzA3XC9JTUdfMDYwNC5qcGciLCJzbGlkZXNob3ciOiI0MTljNGRjIn0%3D\" href=\"https:\/\/cateringkos.si\/wp-content\/uploads\/2025\/07\/IMG_0604.jpg\"><figure class=\"swiper-slide-inner\"><img decoding=\"async\" class=\"swiper-slide-image\" src=\"https:\/\/cateringkos.si\/wp-content\/uploads\/2025\/07\/IMG_0604-818x1024.jpg\" alt=\"IMG_0604\" \/><\/figure><\/a><\/div><div class=\"swiper-slide\" role=\"group\" aria-roledescription=\"slide\" aria-label=\"10 of 10\"><a data-elementor-open-lightbox=\"yes\" data-elementor-lightbox-slideshow=\"419c4dc\" data-elementor-lightbox-title=\"IMG_0603\" data-e-action-hash=\"#elementor-action%3Aaction%3Dlightbox%26settings%3DeyJpZCI6MjcyLCJ1cmwiOiJodHRwczpcL1wvY2F0ZXJpbmdrb3Muc2lcL3dwLWNvbnRlbnRcL3VwbG9hZHNcLzIwMjVcLzA3XC9JTUdfMDYwMy5qcGciLCJzbGlkZXNob3ciOiI0MTljNGRjIn0%3D\" href=\"https:\/\/cateringkos.si\/wp-content\/uploads\/2025\/07\/IMG_0603.jpg\"><figure class=\"swiper-slide-inner\"><img decoding=\"async\" class=\"swiper-slide-image\" src=\"https:\/\/cateringkos.si\/wp-content\/uploads\/2025\/07\/IMG_0603-883x1024.jpg\" alt=\"IMG_0603\" \/><\/figure><\/a><\/div>\t\t\t<\/div>\n\t\t\t\t\t\t\t\t\t\t\t\t<div class=\"elementor-swiper-button elementor-swiper-button-prev\" role=\"button\" tabindex=\"0\">\n\t\t\t\t\t\t<svg aria-hidden=\"true\" class=\"e-font-icon-svg e-eicon-chevron-left\" viewbox=\"0 0 1000 1000\" xmlns=\"http:\/\/www.w3.org\/2000\/svg\"><path d=\"M646 125C629 125 613 133 604 142L308 442C296 454 292 471 292 487 292 504 296 521 308 533L604 854C617 867 629 875 646 875 663 875 679 871 692 858 704 846 713 829 713 812 713 796 708 779 692 767L438 487 692 225C700 217 708 204 708 187 708 171 704 154 692 142 675 129 663 125 646 125Z\"><\/path><\/svg>\t\t\t\t\t<\/div>\n\t\t\t\t\t<div class=\"elementor-swiper-button elementor-swiper-button-next\" role=\"button\" tabindex=\"0\">\n\t\t\t\t\t\t<svg aria-hidden=\"true\" class=\"e-font-icon-svg e-eicon-chevron-right\" viewbox=\"0 0 1000 1000\" xmlns=\"http:\/\/www.w3.org\/2000\/svg\"><path d=\"M696 533C708 521 713 504 713 487 713 471 708 454 696 446L400 146C388 133 375 125 354 125 338 125 325 129 313 142 300 154 292 171 292 187 292 204 296 221 308 233L563 492 304 771C292 783 288 800 288 817 288 833 296 850 308 863 321 871 338 875 354 875 371 875 388 867 400 854L696 533Z\"><\/path><\/svg>\t\t\t\t\t<\/div>\n\t\t\t\t\n\t\t\t\t\t\t\t\t\t<div class=\"swiper-pagination\"><\/div>\n\t\t\t\t\t\t\t\t\t<\/div>\n\t\t\t\t\t\t<\/div>\n\t\t\t\t\t<\/div>\n\t\t\t\t<\/div>\n\t\t<div class=\"elementor-element elementor-element-590b3bd e-flex e-con-boxed e-con e-parent\" data-id=\"590b3bd\" data-element_type=\"container\" data-e-type=\"container\" data-settings=\"{&quot;_ha_eqh_enable&quot;:false}\">\n\t\t\t\t\t<div class=\"e-con-inner\">\n\t\t\t\t<div class=\"elementor-element elementor-element-529a9b5 elementor-widget elementor-widget-heading\" data-id=\"529a9b5\" data-element_type=\"widget\" data-e-type=\"widget\" data-widget_type=\"heading.default\">\n\t\t\t\t\t<h2 class=\"elementor-heading-title elementor-size-default\">OUR STORY<\/h2>\t\t\t\t<\/div>\n\t\t\t\t<div class=\"elementor-element elementor-element-2bb5c44 elementor-widget elementor-widget-text-editor\" data-id=\"2bb5c44\" data-element_type=\"widget\" data-e-type=\"widget\" data-widget_type=\"text-editor.default\">\n\t\t\t\t\t\t\t\t\tKos Catering is a young company with many years of experience. More than 20 years of experience in the catering industry has been the perfect basis and foundation to start creating your dreams and to realise more elaborate events that will be famous for their difference and creativity. We do every event with heart, good energy and a smile and we try to turn it into the most beautiful story.\t\t\t\t\t\t\t\t<\/div>\n\t\t\t\t<div class=\"elementor-element elementor-element-7e7de80 elementor-align-center elementor-widget elementor-widget-button\" data-id=\"7e7de80\" data-element_type=\"widget\" data-e-type=\"widget\" data-widget_type=\"button.default\">\n\t\t\t\t\t\t\t\t\t\t<a class=\"elementor-button elementor-button-link elementor-size-sm\" href=\"\/en\/o-nas\/\">\n\t\t\t\t\t\t<span class=\"elementor-button-content-wrapper\">\n\t\t\t\t\t\t\t\t\t<span class=\"elementor-button-text\">Read more about us<\/span>\n\t\t\t\t\t<\/span>\n\t\t\t\t\t<\/a>\n\t\t\t\t\t\t\t\t<\/div>\n\t\t\t\t\t<\/div>\n\t\t\t\t<\/div>\n\t\t<div class=\"elementor-element elementor-element-b878368 e-flex e-con-boxed e-con e-parent\" data-id=\"b878368\" data-element_type=\"container\" data-e-type=\"container\" data-settings=\"{&quot;background_background&quot;:&quot;classic&quot;,&quot;_ha_eqh_enable&quot;:false}\">\n\t\t\t\t\t<div class=\"e-con-inner\">\n\t\t\t\t<div class=\"elementor-element elementor-element-11802dc elementor-widget elementor-widget-heading\" data-id=\"11802dc\" data-element_type=\"widget\" data-e-type=\"widget\" data-widget_type=\"heading.default\">\n\t\t\t\t\t<h2 class=\"elementor-heading-title elementor-size-default\">HASSLE-FREE UNFORGETTABLE EVENTS<\/h2>\t\t\t\t<\/div>\n\t\t\t\t<div class=\"elementor-element elementor-element-ecb897f elementor-align-center elementor-widget elementor-widget-button\" data-id=\"ecb897f\" data-element_type=\"widget\" data-e-type=\"widget\" data-widget_type=\"button.default\">\n\t\t\t\t\t\t\t\t\t\t<a class=\"elementor-button elementor-button-link elementor-size-sm\" href=\"\/en\/povprasevanje\/\">\n\t\t\t\t\t\t<span class=\"elementor-button-content-wrapper\">\n\t\t\t\t\t\t\t\t\t<span class=\"elementor-button-text\">Send your enquiry<\/span>\n\t\t\t\t\t<\/span>\n\t\t\t\t\t<\/a>\n\t\t\t\t\t\t\t\t<\/div>\n\t\t\t\t\t<\/div>\n\t\t\t\t<\/div>\n\t\t\t\t<\/div>","protected":false},"excerpt":{"rendered":"<p>PROFESIONALNI CATERING Z na\u0161o potujo\u010do kuhinjo se z veseljem pripeljemo na va\u0161o lokacijo, kjer vam v obliki showcookinga pripravimo sve\u017eo in okusno hrano. Pripravljeni smo za catering na vseh vrstah dogodkov. Po\u0161ljite povpra\u0161evanje POROKE PIKNIKI ZABAVE DOGODKI STORITVE Glavno podro\u010dje na\u0161ega delovanja je catering na porokah, piknikih, obletnicah, razli\u010dnih praznovanjih, poslovnih ve\u010derij ipd. Okusno pripravljena [&hellip;]<\/p>\n","protected":false},"author":2,"featured_media":0,"parent":0,"menu_order":0,"comment_status":"closed","ping_status":"closed","template":"","meta":{"footnotes":""},"class_list":["post-11","page","type-page","status-publish","hentry"],"_links":{"self":[{"href":"https:\/\/cateringkos.si\/en\/wp-json\/wp\/v2\/pages\/11","targetHints":{"allow":["GET"]}}],"collection":[{"href":"https:\/\/cateringkos.si\/en\/wp-json\/wp\/v2\/pages"}],"about":[{"href":"https:\/\/cateringkos.si\/en\/wp-json\/wp\/v2\/types\/page"}],"author":[{"embeddable":true,"href":"https:\/\/cateringkos.si\/en\/wp-json\/wp\/v2\/users\/2"}],"replies":[{"embeddable":true,"href":"https:\/\/cateringkos.si\/en\/wp-json\/wp\/v2\/comments?post=11"}],"version-history":[{"count":79,"href":"https:\/\/cateringkos.si\/en\/wp-json\/wp\/v2\/pages\/11\/revisions"}],"predecessor-version":[{"id":370,"href":"https:\/\/cateringkos.si\/en\/wp-json\/wp\/v2\/pages\/11\/revisions\/370"}],"wp:attachment":[{"href":"https:\/\/cateringkos.si\/en\/wp-json\/wp\/v2\/media?parent=11"}],"curies":[{"name":"wp","href":"https:\/\/api.w.org\/{rel}","templated":true}]}}